{"id":1780,"date":"2025-05-30T11:39:58","date_gmt":"2025-05-30T14:39:58","guid":{"rendered":"https:\/\/homologacaoariete.com.br\/pantextil\/?post_type=product&#038;p=1780"},"modified":"2026-05-06T10:12:39","modified_gmt":"2026-05-06T13:12:39","slug":"vies-estampado","status":"publish","type":"product","link":"https:\/\/pantextil.com\/en\/product\/vies-estampado\/","title":{"rendered":"VI\u00c9S ESTAMPADO"},"content":{"rendered":"<p data-start=\"196\" data-end=\"549\">O <strong data-start=\"243\" data-end=\"268\">Vi\u00e9s Boneon Estampado<\/strong> \u00e9 produzido exclusivamente sob encomenda, com a arte, logo ou padr\u00e3o que voc\u00ea desejar. Ideal para marcas que prezam por exclusividade e acabamento profissional, ele garante um toque diferenciado em pe\u00e7as dos mais variados segmentos como moda \u00edntima, fitness, infantil e sleepwear.<\/p>\n<p data-start=\"551\" data-end=\"713\">Fabricado com material de alta qualidade, oferece excelente elasticidade, caimento e cobertura \u2014 perfeito para curvas, contornos e detalhes que fazem a diferen\u00e7a.<\/p>\n<ul>\n<li data-start=\"715\" data-end=\"970\">Estampa 100% personalizada (marca, arte ou cor da sua escolha)<\/li>\n<li data-start=\"715\" data-end=\"970\">Acabamento resistente, toque macio e \u00f3timo caimento<\/li>\n<li data-start=\"715\" data-end=\"970\">Indicado para diversas categorias de confec\u00e7\u00e3o<\/li>\n<li data-start=\"715\" data-end=\"970\">Pedido m\u00ednimo: 200 metros<\/li>\n<li data-start=\"715\" data-end=\"970\">Valor referente ao metro<\/li>\n<\/ul>\n<p data-start=\"972\" data-end=\"1116\"><strong data-start=\"972\" data-end=\"999\">Seu vi\u00e9s, do seu jeito.<\/strong><br data-start=\"999\" data-end=\"1002\" \/>Solicite um or\u00e7amento personalizado e leve mais valor \u00e0 sua produ\u00e7\u00e3o com um acabamento que representa a sua marca.<\/p>","protected":false},"excerpt":{"rendered":"<p>O Vi\u00e9s Boneon Estampado \u00e9 produzido exclusivamente sob encomenda, com a arte, logo ou padr\u00e3o que voc\u00ea desejar. Ideal para marcas que prezam por exclusividade e acabamento profissional, ele garante um toque diferenciado em pe\u00e7as dos mais variados segmentos como moda \u00edntima, fitness, infantil e sleepwear. Fabricado com material de alta qualidade, oferece excelente elasticidade, [&hellip;]<\/p>","protected":false},"featured_media":2114,"comment_status":"open","ping_status":"closed","template":"","meta":[],"product_brand":[],"product_cat":[22],"product_tag":[],"class_list":{"0":"post-1780","1":"product","2":"type-product","3":"status-publish","4":"has-post-thumbnail","6":"product_cat-vies-boneon","8":"first","9":"onbackorder","10":"taxable","11":"shipping-taxable","12":"purchasable","13":"product-type-variable"},"yoast_head":"<!-- This site is optimized with the Yoast SEO plugin v26.5 - https:\/\/yoast.com\/wordpress\/plugins\/seo\/ -->\n<title>VI\u00c9S ESTAMPADO - Pantextil<\/title>\n<meta name=\"robots\" content=\"index, follow, max-snippet:-1, max-image-preview:large, max-video-preview:-1\" \/>\n<link rel=\"canonical\" href=\"https:\/\/pantextil.com\/en\/product\/vies-estampado\/\" \/>\n<meta property=\"og:locale\" content=\"en_US\" \/>\n<meta property=\"og:type\" content=\"article\" \/>\n<meta property=\"og:title\" content=\"VI\u00c9S ESTAMPADO - Pantextil\" \/>\n<meta property=\"og:description\" content=\"O Vi\u00e9s Boneon Estampado \u00e9 produzido exclusivamente sob encomenda, com a arte, logo ou padr\u00e3o que voc\u00ea desejar. Ideal para marcas que prezam por exclusividade e acabamento profissional, ele garante um toque diferenciado em pe\u00e7as dos mais variados segmentos como moda \u00edntima, fitness, infantil e sleepwear. Fabricado com material de alta qualidade, oferece excelente elasticidade, [&hellip;]\" \/>\n<meta property=\"og:url\" content=\"https:\/\/pantextil.com\/en\/product\/vies-estampado\/\" \/>\n<meta property=\"og:site_name\" content=\"Pantextil\" \/>\n<meta property=\"article:modified_time\" content=\"2026-05-06T13:12:39+00:00\" \/>\n<meta property=\"og:image\" content=\"https:\/\/pantextil.com\/wp-content\/uploads\/2025\/05\/WhatsApp-Image-2025-06-04-at-16.04.28.jpeg\" \/>\n\t<meta property=\"og:image:width\" content=\"1080\" \/>\n\t<meta property=\"og:image:height\" content=\"1080\" \/>\n\t<meta property=\"og:image:type\" content=\"image\/jpeg\" \/>\n<meta name=\"twitter:card\" content=\"summary_large_image\" \/>\n<meta name=\"twitter:label1\" content=\"Est. reading time\" \/>\n\t<meta name=\"twitter:data1\" content=\"1 minute\" \/>\n<script type=\"application\/ld+json\" class=\"yoast-schema-graph\">{\"@context\":\"https:\/\/schema.org\",\"@graph\":[{\"@type\":\"WebPage\",\"@id\":\"https:\/\/pantextil.com\/produto\/vies-estampado\/\",\"url\":\"https:\/\/pantextil.com\/produto\/vies-estampado\/\",\"name\":\"VI\u00c9S ESTAMPADO - Pantextil\",\"isPartOf\":{\"@id\":\"https:\/\/pantextil.com\/#website\"},\"primaryImageOfPage\":{\"@id\":\"https:\/\/pantextil.com\/produto\/vies-estampado\/#primaryimage\"},\"image\":{\"@id\":\"https:\/\/pantextil.com\/produto\/vies-estampado\/#primaryimage\"},\"thumbnailUrl\":\"https:\/\/pantextil.com\/wp-content\/uploads\/2025\/05\/WhatsApp-Image-2025-06-04-at-16.04.28.jpeg\",\"datePublished\":\"2025-05-30T14:39:58+00:00\",\"dateModified\":\"2026-05-06T13:12:39+00:00\",\"breadcrumb\":{\"@id\":\"https:\/\/pantextil.com\/produto\/vies-estampado\/#breadcrumb\"},\"inLanguage\":\"en-US\",\"potentialAction\":[{\"@type\":\"ReadAction\",\"target\":[\"https:\/\/pantextil.com\/produto\/vies-estampado\/\"]}]},{\"@type\":\"ImageObject\",\"inLanguage\":\"en-US\",\"@id\":\"https:\/\/pantextil.com\/produto\/vies-estampado\/#primaryimage\",\"url\":\"https:\/\/pantextil.com\/wp-content\/uploads\/2025\/05\/WhatsApp-Image-2025-06-04-at-16.04.28.jpeg\",\"contentUrl\":\"https:\/\/pantextil.com\/wp-content\/uploads\/2025\/05\/WhatsApp-Image-2025-06-04-at-16.04.28.jpeg\",\"width\":1080,\"height\":1080},{\"@type\":\"BreadcrumbList\",\"@id\":\"https:\/\/pantextil.com\/produto\/vies-estampado\/#breadcrumb\",\"itemListElement\":[{\"@type\":\"ListItem\",\"position\":1,\"name\":\"In\u00edcio\",\"item\":\"https:\/\/pantextil.com\/\"},{\"@type\":\"ListItem\",\"position\":2,\"name\":\"Loja\",\"item\":\"https:\/\/pantextil.com\/loja\/\"},{\"@type\":\"ListItem\",\"position\":3,\"name\":\"VI\u00c9S ESTAMPADO\"}]},{\"@type\":\"WebSite\",\"@id\":\"https:\/\/pantextil.com\/#website\",\"url\":\"https:\/\/pantextil.com\/\",\"name\":\"Pantextil\",\"description\":\"\",\"potentialAction\":[{\"@type\":\"SearchAction\",\"target\":{\"@type\":\"EntryPoint\",\"urlTemplate\":\"https:\/\/pantextil.com\/?s={search_term_string}\"},\"query-input\":{\"@type\":\"PropertyValueSpecification\",\"valueRequired\":true,\"valueName\":\"search_term_string\"}}],\"inLanguage\":\"en-US\"}]}<\/script>\n<!-- \/ Yoast SEO plugin. -->","yoast_head_json":{"title":"VI\u00c9S ESTAMPADO - Pantextil","robots":{"index":"index","follow":"follow","max-snippet":"max-snippet:-1","max-image-preview":"max-image-preview:large","max-video-preview":"max-video-preview:-1"},"canonical":"https:\/\/pantextil.com\/en\/product\/vies-estampado\/","og_locale":"en_US","og_type":"article","og_title":"VI\u00c9S ESTAMPADO - Pantextil","og_description":"O Vi\u00e9s Boneon Estampado \u00e9 produzido exclusivamente sob encomenda, com a arte, logo ou padr\u00e3o que voc\u00ea desejar. Ideal para marcas que prezam por exclusividade e acabamento profissional, ele garante um toque diferenciado em pe\u00e7as dos mais variados segmentos como moda \u00edntima, fitness, infantil e sleepwear. Fabricado com material de alta qualidade, oferece excelente elasticidade, [&hellip;]","og_url":"https:\/\/pantextil.com\/en\/product\/vies-estampado\/","og_site_name":"Pantextil","article_modified_time":"2026-05-06T13:12:39+00:00","og_image":[{"width":1080,"height":1080,"url":"https:\/\/pantextil.com\/wp-content\/uploads\/2025\/05\/WhatsApp-Image-2025-06-04-at-16.04.28.jpeg","type":"image\/jpeg"}],"twitter_card":"summary_large_image","twitter_misc":{"Est. reading time":"1 minute"},"schema":{"@context":"https:\/\/schema.org","@graph":[{"@type":"WebPage","@id":"https:\/\/pantextil.com\/produto\/vies-estampado\/","url":"https:\/\/pantextil.com\/produto\/vies-estampado\/","name":"VI\u00c9S ESTAMPADO - Pantextil","isPartOf":{"@id":"https:\/\/pantextil.com\/#website"},"primaryImageOfPage":{"@id":"https:\/\/pantextil.com\/produto\/vies-estampado\/#primaryimage"},"image":{"@id":"https:\/\/pantextil.com\/produto\/vies-estampado\/#primaryimage"},"thumbnailUrl":"https:\/\/pantextil.com\/wp-content\/uploads\/2025\/05\/WhatsApp-Image-2025-06-04-at-16.04.28.jpeg","datePublished":"2025-05-30T14:39:58+00:00","dateModified":"2026-05-06T13:12:39+00:00","breadcrumb":{"@id":"https:\/\/pantextil.com\/produto\/vies-estampado\/#breadcrumb"},"inLanguage":"en-US","potentialAction":[{"@type":"ReadAction","target":["https:\/\/pantextil.com\/produto\/vies-estampado\/"]}]},{"@type":"ImageObject","inLanguage":"en-US","@id":"https:\/\/pantextil.com\/produto\/vies-estampado\/#primaryimage","url":"https:\/\/pantextil.com\/wp-content\/uploads\/2025\/05\/WhatsApp-Image-2025-06-04-at-16.04.28.jpeg","contentUrl":"https:\/\/pantextil.com\/wp-content\/uploads\/2025\/05\/WhatsApp-Image-2025-06-04-at-16.04.28.jpeg","width":1080,"height":1080},{"@type":"BreadcrumbList","@id":"https:\/\/pantextil.com\/produto\/vies-estampado\/#breadcrumb","itemListElement":[{"@type":"ListItem","position":1,"name":"In\u00edcio","item":"https:\/\/pantextil.com\/"},{"@type":"ListItem","position":2,"name":"Loja","item":"https:\/\/pantextil.com\/loja\/"},{"@type":"ListItem","position":3,"name":"VI\u00c9S ESTAMPADO"}]},{"@type":"WebSite","@id":"https:\/\/pantextil.com\/#website","url":"https:\/\/pantextil.com\/","name":"Pantextil","description":"","potentialAction":[{"@type":"SearchAction","target":{"@type":"EntryPoint","urlTemplate":"https:\/\/pantextil.com\/?s={search_term_string}"},"query-input":{"@type":"PropertyValueSpecification","valueRequired":true,"valueName":"search_term_string"}}],"inLanguage":"en-US"}]}},"_links":{"self":[{"href":"https:\/\/pantextil.com\/en\/wp-json\/wp\/v2\/product\/1780","targetHints":{"allow":["GET"]}}],"collection":[{"href":"https:\/\/pantextil.com\/en\/wp-json\/wp\/v2\/product"}],"about":[{"href":"https:\/\/pantextil.com\/en\/wp-json\/wp\/v2\/types\/product"}],"replies":[{"embeddable":true,"href":"https:\/\/pantextil.com\/en\/wp-json\/wp\/v2\/comments?post=1780"}],"wp:featuredmedia":[{"embeddable":true,"href":"https:\/\/pantextil.com\/en\/wp-json\/wp\/v2\/media\/2114"}],"wp:attachment":[{"href":"https:\/\/pantextil.com\/en\/wp-json\/wp\/v2\/media?parent=1780"}],"wp:term":[{"taxonomy":"product_brand","embeddable":true,"href":"https:\/\/pantextil.com\/en\/wp-json\/wp\/v2\/product_brand?post=1780"},{"taxonomy":"product_cat","embeddable":true,"href":"https:\/\/pantextil.com\/en\/wp-json\/wp\/v2\/product_cat?post=1780"},{"taxonomy":"product_tag","embeddable":true,"href":"https:\/\/pantextil.com\/en\/wp-json\/wp\/v2\/product_tag?post=1780"}],"curies":[{"name":"wp","href":"https:\/\/api.w.org\/{rel}","templated":true}]}}