{"id":2040,"date":"2025-06-04T11:57:44","date_gmt":"2025-06-04T14:57:44","guid":{"rendered":"https:\/\/pantextil.com\/?post_type=product&#038;p=2040"},"modified":"2025-06-04T11:57:55","modified_gmt":"2025-06-04T14:57:55","slug":"cordao-de-cracha-para-identificacao-autista-tea-girassol","status":"publish","type":"product","link":"https:\/\/pantextil.com\/en\/product\/cordao-de-cracha-para-identificacao-autista-tea-girassol\/","title":{"rendered":"Cord\u00e3o de Crach\u00e1 para Identifica\u00e7\u00e3o Autista TEA Girassol"},"content":{"rendered":"<p data-start=\"310\" data-end=\"504\">O <strong data-start=\"312\" data-end=\"345\">cord\u00e3o de crach\u00e1 para autista<\/strong> ajuda na identifica\u00e7\u00e3o de pessoas com TEA (Transtorno do Espectro Autista). Ele \u00e9 ideal para o dia a dia, como na escola, no trabalho ou em locais p\u00fablicos.<\/p>\n<p data-start=\"506\" data-end=\"656\">Feito com material leve e confort\u00e1vel, o cord\u00e3o traz o s\u00edmbolo do autismo. Isso facilita o entendimento em momentos de estresse, crises ou confus\u00e3o.<\/p>\n<ul>\n<li data-start=\"658\" data-end=\"821\"><strong data-start=\"661\" data-end=\"693\">Simples, seguro e necess\u00e1rio<\/strong><\/li>\n<li data-start=\"658\" data-end=\"821\">Ajuda no acolhimento e na inclus\u00e3o<\/li>\n<li data-start=\"658\" data-end=\"821\">Pode ser personalizado com nome e telefone<\/li>\n<li data-start=\"658\" data-end=\"821\">Indicado para crian\u00e7as e adultos<\/li>\n<\/ul>\n<p data-start=\"823\" data-end=\"945\">O cord\u00e3o \u00e9 pr\u00e1tico, f\u00e1cil de usar e aumenta a seguran\u00e7a. \u00c9 uma forma de mostrar respeito e cuidado com quem tem autismo.<\/p>","protected":false},"excerpt":{"rendered":"<p>O cord\u00e3o de crach\u00e1 para autista ajuda na identifica\u00e7\u00e3o de pessoas com TEA (Transtorno do Espectro Autista). Ele \u00e9 ideal para o dia a dia, como na escola, no trabalho ou em locais p\u00fablicos. Feito com material leve e confort\u00e1vel, o cord\u00e3o traz o s\u00edmbolo do autismo. Isso facilita o entendimento em momentos de estresse, [&hellip;]<\/p>","protected":false},"featured_media":2041,"comment_status":"open","ping_status":"closed","template":"","meta":[],"product_brand":[],"product_cat":[18],"product_tag":[],"class_list":{"0":"post-2040","1":"product","2":"type-product","3":"status-publish","4":"has-post-thumbnail","6":"product_cat-cordao-de-cracha","8":"first","9":"instock","10":"taxable","11":"shipping-taxable","12":"purchasable","13":"product-type-variable"},"yoast_head":"<!-- This site is optimized with the Yoast SEO plugin v26.5 - https:\/\/yoast.com\/wordpress\/plugins\/seo\/ -->\n<title>Cord\u00e3o de Crach\u00e1 para Identifica\u00e7\u00e3o Autista TEA Girassol - Pantextil<\/title>\n<meta name=\"robots\" content=\"index, follow, max-snippet:-1, max-image-preview:large, max-video-preview:-1\" \/>\n<link rel=\"canonical\" href=\"https:\/\/pantextil.com\/en\/product\/cordao-de-cracha-para-identificacao-autista-tea-girassol\/\" \/>\n<meta property=\"og:locale\" content=\"en_US\" \/>\n<meta property=\"og:type\" content=\"article\" \/>\n<meta property=\"og:title\" content=\"Cord\u00e3o de Crach\u00e1 para Identifica\u00e7\u00e3o Autista TEA Girassol - Pantextil\" \/>\n<meta property=\"og:description\" content=\"O cord\u00e3o de crach\u00e1 para autista ajuda na identifica\u00e7\u00e3o de pessoas com TEA (Transtorno do Espectro Autista). Ele \u00e9 ideal para o dia a dia, como na escola, no trabalho ou em locais p\u00fablicos. Feito com material leve e confort\u00e1vel, o cord\u00e3o traz o s\u00edmbolo do autismo. Isso facilita o entendimento em momentos de estresse, [&hellip;]\" \/>\n<meta property=\"og:url\" content=\"https:\/\/pantextil.com\/en\/product\/cordao-de-cracha-para-identificacao-autista-tea-girassol\/\" \/>\n<meta property=\"og:site_name\" content=\"Pantextil\" \/>\n<meta property=\"article:modified_time\" content=\"2025-06-04T14:57:55+00:00\" \/>\n<meta property=\"og:image\" content=\"https:\/\/pantextil.com\/wp-content\/uploads\/2025\/06\/WhatsApp-Image-2025-03-28-at-11.21.27.jpeg\" \/>\n\t<meta property=\"og:image:width\" content=\"1280\" \/>\n\t<meta property=\"og:image:height\" content=\"1280\" \/>\n\t<meta property=\"og:image:type\" content=\"image\/jpeg\" \/>\n<meta name=\"twitter:card\" content=\"summary_large_image\" \/>\n<meta name=\"twitter:label1\" content=\"Est. reading time\" \/>\n\t<meta name=\"twitter:data1\" content=\"1 minute\" \/>\n<script type=\"application\/ld+json\" class=\"yoast-schema-graph\">{\"@context\":\"https:\/\/schema.org\",\"@graph\":[{\"@type\":\"WebPage\",\"@id\":\"https:\/\/pantextil.com\/produto\/cordao-de-cracha-para-identificacao-autista-tea-girassol\/\",\"url\":\"https:\/\/pantextil.com\/produto\/cordao-de-cracha-para-identificacao-autista-tea-girassol\/\",\"name\":\"Cord\u00e3o de Crach\u00e1 para Identifica\u00e7\u00e3o Autista TEA Girassol - Pantextil\",\"isPartOf\":{\"@id\":\"https:\/\/pantextil.com\/#website\"},\"primaryImageOfPage\":{\"@id\":\"https:\/\/pantextil.com\/produto\/cordao-de-cracha-para-identificacao-autista-tea-girassol\/#primaryimage\"},\"image\":{\"@id\":\"https:\/\/pantextil.com\/produto\/cordao-de-cracha-para-identificacao-autista-tea-girassol\/#primaryimage\"},\"thumbnailUrl\":\"https:\/\/pantextil.com\/wp-content\/uploads\/2025\/06\/WhatsApp-Image-2025-03-28-at-11.21.27.jpeg\",\"datePublished\":\"2025-06-04T14:57:44+00:00\",\"dateModified\":\"2025-06-04T14:57:55+00:00\",\"breadcrumb\":{\"@id\":\"https:\/\/pantextil.com\/produto\/cordao-de-cracha-para-identificacao-autista-tea-girassol\/#breadcrumb\"},\"inLanguage\":\"en-US\",\"potentialAction\":[{\"@type\":\"ReadAction\",\"target\":[\"https:\/\/pantextil.com\/produto\/cordao-de-cracha-para-identificacao-autista-tea-girassol\/\"]}]},{\"@type\":\"ImageObject\",\"inLanguage\":\"en-US\",\"@id\":\"https:\/\/pantextil.com\/produto\/cordao-de-cracha-para-identificacao-autista-tea-girassol\/#primaryimage\",\"url\":\"https:\/\/pantextil.com\/wp-content\/uploads\/2025\/06\/WhatsApp-Image-2025-03-28-at-11.21.27.jpeg\",\"contentUrl\":\"https:\/\/pantextil.com\/wp-content\/uploads\/2025\/06\/WhatsApp-Image-2025-03-28-at-11.21.27.jpeg\",\"width\":1280,\"height\":1280},{\"@type\":\"BreadcrumbList\",\"@id\":\"https:\/\/pantextil.com\/produto\/cordao-de-cracha-para-identificacao-autista-tea-girassol\/#breadcrumb\",\"itemListElement\":[{\"@type\":\"ListItem\",\"position\":1,\"name\":\"In\u00edcio\",\"item\":\"https:\/\/pantextil.com\/\"},{\"@type\":\"ListItem\",\"position\":2,\"name\":\"Loja\",\"item\":\"https:\/\/pantextil.com\/loja\/\"},{\"@type\":\"ListItem\",\"position\":3,\"name\":\"Cord\u00e3o de Crach\u00e1 para Identifica\u00e7\u00e3o Autista TEA Girassol\"}]},{\"@type\":\"WebSite\",\"@id\":\"https:\/\/pantextil.com\/#website\",\"url\":\"https:\/\/pantextil.com\/\",\"name\":\"Pantextil\",\"description\":\"\",\"potentialAction\":[{\"@type\":\"SearchAction\",\"target\":{\"@type\":\"EntryPoint\",\"urlTemplate\":\"https:\/\/pantextil.com\/?s={search_term_string}\"},\"query-input\":{\"@type\":\"PropertyValueSpecification\",\"valueRequired\":true,\"valueName\":\"search_term_string\"}}],\"inLanguage\":\"en-US\"}]}<\/script>\n<!-- \/ Yoast SEO plugin. -->","yoast_head_json":{"title":"Cord\u00e3o de Crach\u00e1 para Identifica\u00e7\u00e3o Autista TEA Girassol - Pantextil","robots":{"index":"index","follow":"follow","max-snippet":"max-snippet:-1","max-image-preview":"max-image-preview:large","max-video-preview":"max-video-preview:-1"},"canonical":"https:\/\/pantextil.com\/en\/product\/cordao-de-cracha-para-identificacao-autista-tea-girassol\/","og_locale":"en_US","og_type":"article","og_title":"Cord\u00e3o de Crach\u00e1 para Identifica\u00e7\u00e3o Autista TEA Girassol - Pantextil","og_description":"O cord\u00e3o de crach\u00e1 para autista ajuda na identifica\u00e7\u00e3o de pessoas com TEA (Transtorno do Espectro Autista). Ele \u00e9 ideal para o dia a dia, como na escola, no trabalho ou em locais p\u00fablicos. Feito com material leve e confort\u00e1vel, o cord\u00e3o traz o s\u00edmbolo do autismo. Isso facilita o entendimento em momentos de estresse, [&hellip;]","og_url":"https:\/\/pantextil.com\/en\/product\/cordao-de-cracha-para-identificacao-autista-tea-girassol\/","og_site_name":"Pantextil","article_modified_time":"2025-06-04T14:57:55+00:00","og_image":[{"width":1280,"height":1280,"url":"https:\/\/pantextil.com\/wp-content\/uploads\/2025\/06\/WhatsApp-Image-2025-03-28-at-11.21.27.jpeg","type":"image\/jpeg"}],"twitter_card":"summary_large_image","twitter_misc":{"Est. reading time":"1 minute"},"schema":{"@context":"https:\/\/schema.org","@graph":[{"@type":"WebPage","@id":"https:\/\/pantextil.com\/produto\/cordao-de-cracha-para-identificacao-autista-tea-girassol\/","url":"https:\/\/pantextil.com\/produto\/cordao-de-cracha-para-identificacao-autista-tea-girassol\/","name":"Cord\u00e3o de Crach\u00e1 para Identifica\u00e7\u00e3o Autista TEA Girassol - Pantextil","isPartOf":{"@id":"https:\/\/pantextil.com\/#website"},"primaryImageOfPage":{"@id":"https:\/\/pantextil.com\/produto\/cordao-de-cracha-para-identificacao-autista-tea-girassol\/#primaryimage"},"image":{"@id":"https:\/\/pantextil.com\/produto\/cordao-de-cracha-para-identificacao-autista-tea-girassol\/#primaryimage"},"thumbnailUrl":"https:\/\/pantextil.com\/wp-content\/uploads\/2025\/06\/WhatsApp-Image-2025-03-28-at-11.21.27.jpeg","datePublished":"2025-06-04T14:57:44+00:00","dateModified":"2025-06-04T14:57:55+00:00","breadcrumb":{"@id":"https:\/\/pantextil.com\/produto\/cordao-de-cracha-para-identificacao-autista-tea-girassol\/#breadcrumb"},"inLanguage":"en-US","potentialAction":[{"@type":"ReadAction","target":["https:\/\/pantextil.com\/produto\/cordao-de-cracha-para-identificacao-autista-tea-girassol\/"]}]},{"@type":"ImageObject","inLanguage":"en-US","@id":"https:\/\/pantextil.com\/produto\/cordao-de-cracha-para-identificacao-autista-tea-girassol\/#primaryimage","url":"https:\/\/pantextil.com\/wp-content\/uploads\/2025\/06\/WhatsApp-Image-2025-03-28-at-11.21.27.jpeg","contentUrl":"https:\/\/pantextil.com\/wp-content\/uploads\/2025\/06\/WhatsApp-Image-2025-03-28-at-11.21.27.jpeg","width":1280,"height":1280},{"@type":"BreadcrumbList","@id":"https:\/\/pantextil.com\/produto\/cordao-de-cracha-para-identificacao-autista-tea-girassol\/#breadcrumb","itemListElement":[{"@type":"ListItem","position":1,"name":"In\u00edcio","item":"https:\/\/pantextil.com\/"},{"@type":"ListItem","position":2,"name":"Loja","item":"https:\/\/pantextil.com\/loja\/"},{"@type":"ListItem","position":3,"name":"Cord\u00e3o de Crach\u00e1 para Identifica\u00e7\u00e3o Autista TEA Girassol"}]},{"@type":"WebSite","@id":"https:\/\/pantextil.com\/#website","url":"https:\/\/pantextil.com\/","name":"Pantextil","description":"","potentialAction":[{"@type":"SearchAction","target":{"@type":"EntryPoint","urlTemplate":"https:\/\/pantextil.com\/?s={search_term_string}"},"query-input":{"@type":"PropertyValueSpecification","valueRequired":true,"valueName":"search_term_string"}}],"inLanguage":"en-US"}]}},"_links":{"self":[{"href":"https:\/\/pantextil.com\/en\/wp-json\/wp\/v2\/product\/2040","targetHints":{"allow":["GET"]}}],"collection":[{"href":"https:\/\/pantextil.com\/en\/wp-json\/wp\/v2\/product"}],"about":[{"href":"https:\/\/pantextil.com\/en\/wp-json\/wp\/v2\/types\/product"}],"replies":[{"embeddable":true,"href":"https:\/\/pantextil.com\/en\/wp-json\/wp\/v2\/comments?post=2040"}],"wp:featuredmedia":[{"embeddable":true,"href":"https:\/\/pantextil.com\/en\/wp-json\/wp\/v2\/media\/2041"}],"wp:attachment":[{"href":"https:\/\/pantextil.com\/en\/wp-json\/wp\/v2\/media?parent=2040"}],"wp:term":[{"taxonomy":"product_brand","embeddable":true,"href":"https:\/\/pantextil.com\/en\/wp-json\/wp\/v2\/product_brand?post=2040"},{"taxonomy":"product_cat","embeddable":true,"href":"https:\/\/pantextil.com\/en\/wp-json\/wp\/v2\/product_cat?post=2040"},{"taxonomy":"product_tag","embeddable":true,"href":"https:\/\/pantextil.com\/en\/wp-json\/wp\/v2\/product_tag?post=2040"}],"curies":[{"name":"wp","href":"https:\/\/api.w.org\/{rel}","templated":true}]}}